{"id":5084,"date":"2023-05-24T13:38:13","date_gmt":"2023-05-24T13:38:13","guid":{"rendered":"https:\/\/soresime.pt\/?page_id=5084"},"modified":"2023-05-29T13:56:45","modified_gmt":"2023-05-29T13:56:45","slug":"entreprise","status":"publish","type":"page","link":"https:\/\/soresime.pt\/?page_id=5084&lang=fr","title":{"rendered":"Entreprise"},"content":{"rendered":"\t\t<div data-elementor-type=\"wp-page\" data-elementor-id=\"5084\" class=\"elementor elementor-5084\">\n\t\t\t\t\t\t\t\t\t<section class=\" elementor-section elementor-top-section elementor-element elementor-element-4600a5c elementor-section-boxed elementor-section-height-default elementor-section-height-default\" data-id=\"4600a5c\" data-element_type=\"section\">\r\n\t\t\t\t\t\t\t\t<div class=\"elementor-container elementor-column-gap-default\">\r\n\t\t\t\t\r\n\t\t\t\t\t\t\t\t<div class=\" elementor-column elementor-col-100 elementor-top-column elementor-element elementor-element-39fce0f \" data-id=\"39fce0f\" data-element_type=\"column\">\r\n\r\n\t\t\t\t\r\n\t\t\t\t<div class=\"elementor-widget-wrap elementor-element-populated\">\r\n\t\t\t\t\t\t\t\t\t\t\r\n\t\t\t\t\t\t<div class=\"elementor-element elementor-element-6858ea2 elementor-invisible elementor-widget elementor-widget-heading\" data-id=\"6858ea2\" data-element_type=\"widget\" data-settings=\"{&quot;_animation&quot;:&quot;fadeInDownShorter&quot;,&quot;_animation_delay&quot;:200}\" data-widget_type=\"heading.default\">\n\t\t\t\t<div class=\"elementor-widget-container\">\n\t\t\t<style>\/*! elementor - v3.16.0 - 20-09-2023 *\/\n.elementor-heading-title{padding:0;margin:0;line-height:1}.elementor-widget-heading .elementor-heading-title[class*=elementor-size-]>a{color:inherit;font-size:inherit;line-height:inherit}.elementor-widget-heading .elementor-heading-title.elementor-size-small{font-size:15px}.elementor-widget-heading .elementor-heading-title.elementor-size-medium{font-size:19px}.elementor-widget-heading .elementor-heading-title.elementor-size-large{font-size:29px}.elementor-widget-heading .elementor-heading-title.elementor-size-xl{font-size:39px}.elementor-widget-heading .elementor-heading-title.elementor-size-xxl{font-size:59px}<\/style><h2 class=\"elementor-heading-title elementor-size-default\">QUI SOMMES-NOUS<\/h2>\t\t<\/div>\n\t\t\t\t<\/div>\n\t\t\t\t<div class=\"elementor-element elementor-element-8b2ab7b elementor-invisible elementor-widget elementor-widget-heading\" data-id=\"8b2ab7b\" data-element_type=\"widget\" data-settings=\"{&quot;_animation&quot;:&quot;fadeInDownShorter&quot;,&quot;_animation_delay&quot;:500}\" data-widget_type=\"heading.default\">\n\t\t\t\t<div class=\"elementor-widget-container\">\n\t\t\t<p class=\"elementor-heading-title elementor-size-default\">Soresime est une entreprise qualifi\u00e9e et certifi\u00e9e pour la commercialisation, l'installation et la maintenance d'\u00e9quipements h\u00f4teliers, de r\u00e9frig\u00e9ration et de climatisation industrielle.\nElle est \u00e9galement responsable de la cr\u00e9ation de projets dans le canal Horeca (H\u00f4tels, Restaurants et Catering), les blanchisseries industrielles, les r\u00e9sidences pour personnes \u00e2g\u00e9es, les \u00e9coles, les institutions sociales et l'industrie alimentaire.\nL'harmonie entre les diff\u00e9rents d\u00e9partements donne corps \u00e0 ses id\u00e9es et \u00e0 ses r\u00eaves. <\/p>\t\t<\/div>\n\t\t\t\t<\/div>\n\t\t\t\t\t\t<\/div>\r\n\t\t\t\t<\/div>\r\n\t\t\t\t\t\t\t\t<\/div>\r\n\t\t\t<\/section>\r\n\t\t\t\t\t<div class=\" elementor-section elementor-top-section elementor-element elementor-element-abcc258 elementor-section-full_width elementor-section-height-default elementor-section-height-default\" data-id=\"abcc258\" data-element_type=\"section\">\r\n\t\t\t\t\t\t\t\t<div class=\"elementor-container elementor-column-gap-no\">\r\n\t\t\t\t\r\n\t\t\t\t\t\t\t\t<div class=\" elementor-column elementor-col-100 elementor-top-column elementor-element elementor-element-1ffbcb8 \" data-id=\"1ffbcb8\" data-element_type=\"column\">\r\n\r\n\t\t\t\t\r\n\t\t\t\t<div class=\"elementor-widget-wrap elementor-element-populated\">\r\n\t\t\t\t\t\t\t\t\t\t\r\n\t\t\t\t\t\t<section class=\" elementor-section elementor-inner-section elementor-element elementor-element-2a4d9e1 elementor-section-full_width elementor-section-height-min-height elementor-section-height-default\" data-id=\"2a4d9e1\" data-element_type=\"section\">\r\n\t\t\t\t\t\t\t\t<div class=\"elementor-container elementor-column-gap-no\">\r\n\t\t\t\t\r\n\t\t\t\t\t\t\t\t<div class=\" elementor-column elementor-col-50 elementor-inner-column elementor-element elementor-element-fd9c631 elementor-invisible \" data-id=\"fd9c631\" data-element_type=\"column\" data-settings=\"{&quot;animation&quot;:&quot;fadeInRightShorter&quot;,&quot;background_background&quot;:&quot;classic&quot;}\">\r\n\r\n\t\t\t\t\r\n\t\t\t\t<div class=\"elementor-widget-wrap elementor-element-populated\">\r\n\t\t\t\t\t\t\t\t\t\t\r\n\t\t\t\t\t\t<div class=\"elementor-element elementor-element-461aab2 elementor-widget elementor-widget-image\" data-id=\"461aab2\" data-element_type=\"widget\" data-widget_type=\"image.default\">\n\t\t\t\t<div class=\"elementor-widget-container\">\n\t\t\t<style>\/*! elementor - v3.16.0 - 20-09-2023 *\/\n.elementor-widget-image{text-align:center}.elementor-widget-image a{display:inline-block}.elementor-widget-image a img[src$=\".svg\"]{width:48px}.elementor-widget-image img{vertical-align:middle;display:inline-block}<\/style>\t\t\t\t\t\t\t\t\t\t\t\t<img decoding=\"async\" width=\"1200\" height=\"800\" src=\"https:\/\/soresime.pt\/wp-content\/uploads\/2023\/03\/empresa-16.webp\" class=\"attachment-full size-full wp-image-4621\" alt=\"\" srcset=\"https:\/\/soresime.pt\/wp-content\/uploads\/2023\/03\/empresa-16.webp 1200w, https:\/\/soresime.pt\/wp-content\/uploads\/2023\/03\/empresa-16-1024x683.webp 1024w, https:\/\/soresime.pt\/wp-content\/uploads\/2023\/03\/empresa-16-768x512.webp 768w\" sizes=\"(max-width: 1200px) 100vw, 1200px\" \/>\t\t\t\t\t\t\t\t\t\t\t\t\t\t\t<\/div>\n\t\t\t\t<\/div>\n\t\t\t\t\t\t<\/div>\r\n\t\t\t\t<\/div>\r\n\t\t\t\t\t\t\t\t\t<div class=\" elementor-column elementor-col-50 elementor-inner-column elementor-element elementor-element-ee5798a \" data-id=\"ee5798a\" data-element_type=\"column\" data-settings=\"{&quot;background_background&quot;:&quot;classic&quot;}\">\r\n\r\n\t\t\t\t\r\n\t\t\t\t<div class=\"elementor-widget-wrap elementor-element-populated\">\r\n\t\t\t\t\t\t\t\t\t\t\r\n\t\t\t\t\t\t<div class=\"elementor-element elementor-element-c34fce6 elementor-widget elementor-widget-heading\" data-id=\"c34fce6\" data-element_type=\"widget\" data-widget_type=\"heading.default\">\n\t\t\t\t<div class=\"elementor-widget-container\">\n\t\t\t<h2 class=\"elementor-heading-title elementor-size-default\">HISTOIRE<\/h2>\t\t<\/div>\n\t\t\t\t<\/div>\n\t\t\t\t<div class=\"elementor-element elementor-element-11d1eab elementor-widget elementor-widget-text-editor\" data-id=\"11d1eab\" data-element_type=\"widget\" data-widget_type=\"text-editor.default\">\n\t\t\t\t<div class=\"elementor-widget-container\">\n\t\t\t<style>\/*! elementor - v3.16.0 - 20-09-2023 *\/\n.elementor-widget-text-editor.elementor-drop-cap-view-stacked .elementor-drop-cap{background-color:#69727d;color:#fff}.elementor-widget-text-editor.elementor-drop-cap-view-framed .elementor-drop-cap{color:#69727d;border:3px solid;background-color:transparent}.elementor-widget-text-editor:not(.elementor-drop-cap-view-default) .elementor-drop-cap{margin-top:8px}.elementor-widget-text-editor:not(.elementor-drop-cap-view-default) .elementor-drop-cap-letter{width:1em;height:1em}.elementor-widget-text-editor .elementor-drop-cap{float:left;text-align:center;line-height:1;font-size:50px}.elementor-widget-text-editor .elementor-drop-cap-letter{display:inline-block}<\/style>\t\t\t\t<p><strong>1982:<\/strong> Armando Cardoso a fond\u00e9 l&#8217;entreprise avec courage et d\u00e9termination. Toujours soucieux de fournir un excellent service et de travailler avec honn\u00eatet\u00e9, il a fait de Soresime l&#8217;une des meilleures entreprises de r\u00e9f\u00e9rence du march\u00e9.<\/p><p><strong>1997: <\/strong>Son fils Ulrich Cardoso a rejoint la structure et est devenu responsable du d\u00e9partement commercial.<\/p><p>Actuellement, en tant que CEO de Soresime, son objectif et son int\u00e9r\u00eat sont de poursuivre avec le m\u00eame s\u00e9rieux, la m\u00eame exigence, le m\u00eame travail et le m\u00eame engagement envers les clients et les collaborateurs.<\/p>\t\t\t\t\t\t<\/div>\n\t\t\t\t<\/div>\n\t\t\t\t\t\t<\/div>\r\n\t\t\t\t<\/div>\r\n\t\t\t\t\t\t\t\t<\/div>\r\n\t\t\t<\/section>\r\n\t\t\t\t\t\t\t<\/div>\r\n\t\t\t\t<\/div>\r\n\t\t\t\t\t\t\t\t<\/div>\r\n\t\t\t<\/div>\r\n\t\t\t\t\t<section class=\" elementor-section elementor-top-section elementor-element elementor-element-086d0cf elementor-section-boxed elementor-section-height-default elementor-section-height-default\" data-id=\"086d0cf\" data-element_type=\"section\">\r\n\t\t\t\t\t\t\t\t<div class=\"elementor-container elementor-column-gap-default\">\r\n\t\t\t\t\r\n\t\t\t\t\t\t\t\t<div class=\" elementor-column elementor-col-100 elementor-top-column elementor-element elementor-element-7e5ec81 \" data-id=\"7e5ec81\" data-element_type=\"column\">\r\n\r\n\t\t\t\t\r\n\t\t\t\t<div class=\"elementor-widget-wrap elementor-element-populated\">\r\n\t\t\t\t\t\t\t\t\t\t\r\n\t\t\t\t\t\t<div class=\"elementor-element elementor-element-af5cf1b elementor-invisible elementor-widget elementor-widget-heading\" data-id=\"af5cf1b\" data-element_type=\"widget\" data-settings=\"{&quot;_animation&quot;:&quot;fadeInDownShorter&quot;,&quot;_animation_delay&quot;:200}\" data-widget_type=\"heading.default\">\n\t\t\t\t<div class=\"elementor-widget-container\">\n\t\t\t<h2 class=\"elementor-heading-title elementor-size-default\">SORESIME REMERCIE<\/h2>\t\t<\/div>\n\t\t\t\t<\/div>\n\t\t\t\t<div class=\"elementor-element elementor-element-ebf2f27 elementor-invisible elementor-widget elementor-widget-heading\" data-id=\"ebf2f27\" data-element_type=\"widget\" data-settings=\"{&quot;_animation&quot;:&quot;fadeInDownShorter&quot;,&quot;_animation_delay&quot;:500}\" data-widget_type=\"heading.default\">\n\t\t\t\t<div class=\"elementor-widget-container\">\n\t\t\t<p class=\"elementor-heading-title elementor-size-default\">Tous ses clients pour l'opportunit\u00e9 d'exercer leur passion, depuis plus de 40 ans. <\/p>\t\t<\/div>\n\t\t\t\t<\/div>\n\t\t\t\t\t\t<\/div>\r\n\t\t\t\t<\/div>\r\n\t\t\t\t\t\t\t\t<\/div>\r\n\t\t\t<\/section>\r\n\t\t\t\t\t<section class=\" elementor-section elementor-top-section elementor-element elementor-element-fe9d0b5 elementor-section-full_width elementor-section-height-default elementor-section-height-default\" data-id=\"fe9d0b5\" data-element_type=\"section\">\r\n\t\t\t\t\t\t\t\t<div class=\"elementor-container elementor-column-gap-no\">\r\n\t\t\t\t\r\n\t\t\t\t\t\t\t<!-- Start .elementor-column -->\r\n\t\t\t<div class=\" elementor-column elementor-col-50 elementor-top-column elementor-element elementor-element-7dd69ec elementor-invisible \" data-id=\"7dd69ec\" data-element_type=\"column\" data-settings=\"{&quot;animation&quot;:&quot;fadeInLeftShorter&quot;}\">\r\n\t\t\t\t\t\t\t<!-- Start .elementor-column-wrap(optimize mode => .elementor-widget-wrap) -->\r\n\t\t\t<div class=\"elementor-widget-wrap elementor-element-populated col-half-section col-half-section-right  col-half-section-desktop\">\r\n\t\t\t\t\t\t\t\t\t\t\t\t\t\t<div class=\"elementor-element elementor-element-a9c4465 elementor-widget elementor-widget-heading\" data-id=\"a9c4465\" data-element_type=\"widget\" data-widget_type=\"heading.default\">\n\t\t\t\t<div class=\"elementor-widget-container\">\n\t\t\t<h3 class=\"elementor-heading-title elementor-size-default\">NOS COMP\u00c9TENCES<\/h3>\t\t<\/div>\n\t\t\t\t<\/div>\n\t\t\t\t<div class=\"elementor-element elementor-element-19fcaf9 elementor-widget elementor-widget-heading\" data-id=\"19fcaf9\" data-element_type=\"widget\" data-widget_type=\"heading.default\">\n\t\t\t\t<div class=\"elementor-widget-container\">\n\t\t\t<h2 class=\"elementor-heading-title elementor-size-default\">Nos services<\/h2>\t\t<\/div>\n\t\t\t\t<\/div>\n\t\t\t\t<div class=\"elementor-element elementor-element-05dcdd0 elementor-mobile-align-left elementor-icon-list--layout-traditional elementor-widget elementor-widget-udesign_widget_iconlist\" data-id=\"05dcdd0\" data-element_type=\"widget\" data-widget_type=\"udesign_widget_iconlist.default\">\n\t\t\t\t<div class=\"elementor-widget-container\">\n\t\t\t<link rel=\"stylesheet\" href=\"https:\/\/soresime.pt\/wp-content\/plugins\/elementor\/assets\/css\/widget-icon-list.min.css\"><ul class=\"elementor-icon-list-items\">\r\n\t\t\t<li class=\"elementor-icon-list-item\">\r\n\t\t\t\t\t\t\t<span class=\"elementor-icon-list-icon\">\r\n\t\t\t\t<i aria-hidden=\"true\" class=\"fas fa-drafting-compass\"><\/i>\t\t\t\t<\/span>\r\n\t\t\t\t\t\t<span class=\"elementor-icon-list-text\">\u00c9TUDES, PROJETS ET CONSEILS EN CONSTRUCTION<\/span>\r\n\t\t\t\t\t<\/li>\r\n\t\t\t\t<li class=\"elementor-icon-list-item\">\r\n\t\t\t\t\t\t\t<span class=\"elementor-icon-list-icon\">\r\n\t\t\t\t<i aria-hidden=\"true\" class=\"fas fa-headset\"><\/i>\t\t\t\t<\/span>\r\n\t\t\t\t\t\t<span class=\"elementor-icon-list-text\">ASSISTANCE COMMERCIALE ET TECHNIQUE<\/span>\r\n\t\t\t\t\t<\/li>\r\n\t\t\t\t<li class=\"elementor-icon-list-item\">\r\n\t\t\t\t\t\t\t<span class=\"elementor-icon-list-icon\">\r\n\t\t\t\t<i aria-hidden=\"true\" class=\"fas fa-screwdriver\"><\/i>\t\t\t\t<\/span>\r\n\t\t\t\t\t\t<span class=\"elementor-icon-list-text\">ASSISTANCE TECHNIQUE ET MAINTENANCE PR\u00c9VENTIVE<\/span>\r\n\t\t\t\t\t<\/li>\r\n\t\t<\/ul>\r\n\t\t<\/div>\n\t\t\t\t<\/div>\n\t\t\t\t\t\t<\/div>\r\n\t\t\t\t<\/div>\r\n\t\t\t\t\t\t\t\t\t<div class=\" elementor-column elementor-col-50 elementor-top-column elementor-element elementor-element-bcec206 \" data-id=\"bcec206\" data-element_type=\"column\">\r\n\r\n\t\t\t\t\r\n\t\t\t\t<div class=\"elementor-widget-wrap elementor-element-populated\">\r\n\t\t\t\t\t\t\t\t\t\t\r\n\t\t\t\t\t\t<div class=\"elementor-element elementor-element-13990e7 overflow-hidden animated-slow elementor-invisible elementor-widget elementor-widget-image\" data-id=\"13990e7\" data-element_type=\"widget\" data-settings=\"{&quot;_animation&quot;:&quot;fadeIn&quot;,&quot;_animation_delay&quot;:300}\" data-widget_type=\"image.default\">\n\t\t\t\t<div class=\"elementor-widget-container\">\n\t\t\t\t\t\t\t\t\t\t\t\t\t\t\t<img decoding=\"async\" width=\"1200\" height=\"946\" src=\"https:\/\/soresime.pt\/wp-content\/uploads\/2023\/03\/empresa-11.webp\" class=\"elementor-animation-grow attachment-full size-full wp-image-4564\" alt=\"\" srcset=\"https:\/\/soresime.pt\/wp-content\/uploads\/2023\/03\/empresa-11.webp 1200w, https:\/\/soresime.pt\/wp-content\/uploads\/2023\/03\/empresa-11-1024x807.webp 1024w, https:\/\/soresime.pt\/wp-content\/uploads\/2023\/03\/empresa-11-768x605.webp 768w\" sizes=\"(max-width: 1200px) 100vw, 1200px\" \/>\t\t\t\t\t\t\t\t\t\t\t\t\t\t\t<\/div>\n\t\t\t\t<\/div>\n\t\t\t\t\t\t<\/div>\r\n\t\t\t\t<\/div>\r\n\t\t\t\t\t\t\t\t<\/div>\r\n\t\t\t<\/section>\r\n\t\t\t\t\t<section class=\" elementor-section elementor-top-section elementor-element elementor-element-b5e77c1 elementor-section-boxed elementor-section-height-default elementor-section-height-default\" data-id=\"b5e77c1\" data-element_type=\"section\" data-settings=\"{&quot;background_background&quot;:&quot;classic&quot;}\">\r\n\t\t\t\t\t\t\t\t<div class=\"elementor-container elementor-column-gap-default\">\r\n\t\t\t\t\r\n\t\t\t\t\t\t\t\t<div class=\" elementor-column elementor-col-100 elementor-top-column elementor-element elementor-element-9a98f82 \" data-id=\"9a98f82\" data-element_type=\"column\">\r\n\r\n\t\t\t\t\r\n\t\t\t\t<div class=\"elementor-widget-wrap elementor-element-populated\">\r\n\t\t\t\t\t\t\t\t\t\t\r\n\t\t\t\t\t\t<div class=\"elementor-element elementor-element-efe6df2 elementor-widget elementor-widget-udesign_widget_counters\" data-id=\"efe6df2\" data-element_type=\"widget\" data-widget_type=\"udesign_widget_counters.default\">\n\t\t\t\t<div class=\"elementor-widget-container\">\n\t\t\t<div class=\"counters   gutter-xl  row cols-lg-3 cols-md-2 cols-sm-2 cols-1 cols-xl-3\" ><div class=\"grid-col\"><div class=\"counter\"><div class=\"counter-number\"><span class=\"count-to\" data-speed=\"2000\" data-to=\"40\">0<\/span><span class=\"counter-number-suffix\">+<\/span><\/div><div class=\"counter-content\"><h3 class=\"count-title\">ANN\u00c9ES D'ACTIVIT\u00c9<\/h3><\/div><\/div><\/div><div class=\"grid-col\"><div class=\"counter\"><div class=\"counter-number\"><span class=\"count-to\" data-speed=\"2000\" data-to=\"5\">0<\/span><span class=\"counter-number-suffix\">k+<\/span><\/div><div class=\"counter-content\"><h3 class=\"count-title\">CLIENTS SATISFAITS<\/h3><\/div><\/div><\/div><div class=\"grid-col\"><div class=\"counter\"><div class=\"counter-number\"><span class=\"count-to\" data-speed=\"2000\" data-to=\"4\">0<\/span><span class=\"counter-number-suffix\">k+<\/span><\/div><div class=\"counter-content\"><h3 class=\"count-title\">PROJETS D\u00c9VELOPP\u00c9S<\/h3><\/div><\/div><\/div><\/div>\t\t<\/div>\n\t\t\t\t<\/div>\n\t\t\t\t\t\t<\/div>\r\n\t\t\t\t<\/div>\r\n\t\t\t\t\t\t\t\t<\/div>\r\n\t\t\t<\/section>\r\n\t\t\t\t\t\t\t\t<\/div>\n\t\t","protected":false},"excerpt":{"rendered":"<p>QUI SOMMES-NOUS Soresime est une entreprise qualifi\u00e9e et certifi\u00e9e pour la commercialisation, l&#8217;installation et la maintenance d&#8217;\u00e9quipements h\u00f4teliers, de r\u00e9frig\u00e9ration et de climatisation industrielle. Elle est \u00e9galement responsable de la cr\u00e9ation de projets dans le canal Horeca (H\u00f4tels, Restaurants et Catering), les blanchisseries industrielles, les r\u00e9sidences pour personnes \u00e2g\u00e9es, les \u00e9coles, les institutions sociales et [&hellip;]<\/p>\n","protected":false},"author":1,"featured_media":0,"parent":0,"menu_order":0,"comment_status":"closed","ping_status":"closed","template":"","meta":{"om_disable_all_campaigns":false,"inline_featured_image":false,"_mi_skip_tracking":false,"_monsterinsights_sitenote_active":false,"_monsterinsights_sitenote_note":"","_monsterinsights_sitenote_category":0,"footnotes":""},"class_list":["post-5084","page","type-page","status-publish","hentry"],"acf":[],"aioseo_notices":[],"_links":{"self":[{"href":"https:\/\/soresime.pt\/index.php?rest_route=\/wp\/v2\/pages\/5084","targetHints":{"allow":["GET"]}}],"collection":[{"href":"https:\/\/soresime.pt\/index.php?rest_route=\/wp\/v2\/pages"}],"about":[{"href":"https:\/\/soresime.pt\/index.php?rest_route=\/wp\/v2\/types\/page"}],"author":[{"embeddable":true,"href":"https:\/\/soresime.pt\/index.php?rest_route=\/wp\/v2\/users\/1"}],"replies":[{"embeddable":true,"href":"https:\/\/soresime.pt\/index.php?rest_route=%2Fwp%2Fv2%2Fcomments&post=5084"}],"version-history":[{"count":10,"href":"https:\/\/soresime.pt\/index.php?rest_route=\/wp\/v2\/pages\/5084\/revisions"}],"predecessor-version":[{"id":5174,"href":"https:\/\/soresime.pt\/index.php?rest_route=\/wp\/v2\/pages\/5084\/revisions\/5174"}],"wp:attachment":[{"href":"https:\/\/soresime.pt\/index.php?rest_route=%2Fwp%2Fv2%2Fmedia&parent=5084"}],"curies":[{"name":"wp","href":"https:\/\/api.w.org\/{rel}","templated":true}]}}