{"id":5123,"date":"2023-05-29T10:18:25","date_gmt":"2023-05-29T10:18:25","guid":{"rendered":"https:\/\/soresime.pt\/?page_id=5123"},"modified":"2023-11-16T14:32:14","modified_gmt":"2023-11-16T14:32:14","slug":"services-2","status":"publish","type":"page","link":"https:\/\/soresime.pt\/?page_id=5123&lang=fr","title":{"rendered":"Services"},"content":{"rendered":"\t\t<div data-elementor-type=\"wp-page\" data-elementor-id=\"5123\" class=\"elementor elementor-5123\">\n\t\t\t\t\t\t\t\t\t<div class=\" elementor-section elementor-top-section elementor-element elementor-element-491cb2d elementor-section-boxed elementor-section-height-default elementor-section-height-default\" data-id=\"491cb2d\" data-element_type=\"section\">\r\n\t\t\t\t\t\t\t\t<div class=\"elementor-container elementor-column-gap-no\">\r\n\t\t\t\t\r\n\t\t\t\t\t\t\t\t<div class=\" elementor-column elementor-col-100 elementor-top-column elementor-element elementor-element-35e11ec \" data-id=\"35e11ec\" data-element_type=\"column\">\r\n\r\n\t\t\t\t\r\n\t\t\t\t<div class=\"elementor-widget-wrap elementor-element-populated\">\r\n\t\t\t\t\t\t\t\t\t\t\r\n\t\t\t\t\t\t<div class=\"elementor-element elementor-element-0e1f8b3 bg-transparent elementor-widget__width-initial elementor-widget-mobile__width-initial elementor-absolute elementor-invisible elementor-widget elementor-widget-image\" data-id=\"0e1f8b3\" data-element_type=\"widget\" data-settings=\"{&quot;_position&quot;:&quot;absolute&quot;,&quot;_animation&quot;:&quot;fadeIn&quot;}\" data-widget_type=\"image.default\">\n\t\t\t\t<div class=\"elementor-widget-container\">\n\t\t\t<style>\/*! elementor - v3.16.0 - 20-09-2023 *\/\n.elementor-widget-image{text-align:center}.elementor-widget-image a{display:inline-block}.elementor-widget-image a img[src$=\".svg\"]{width:48px}.elementor-widget-image img{vertical-align:middle;display:inline-block}<\/style>\t\t\t\t\t\t\t\t\t\t\t\t<img decoding=\"async\" width=\"1200\" height=\"1200\" src=\"https:\/\/soresime.pt\/wp-content\/uploads\/2023\/03\/servicos-05.webp\" class=\"attachment-full size-full wp-image-4534\" alt=\"\" srcset=\"https:\/\/soresime.pt\/wp-content\/uploads\/2023\/03\/servicos-05.webp 1200w, https:\/\/soresime.pt\/wp-content\/uploads\/2023\/03\/servicos-05-1024x1024.webp 1024w, https:\/\/soresime.pt\/wp-content\/uploads\/2023\/03\/servicos-05-768x768.webp 768w\" sizes=\"(max-width: 1200px) 100vw, 1200px\" \/>\t\t\t\t\t\t\t\t\t\t\t\t\t\t\t<\/div>\n\t\t\t\t<\/div>\n\t\t\t\t<div class=\" elementor-section elementor-inner-section elementor-element elementor-element-753bfd5 cs-menu ml-md-0 ml-sm-5 mr-md-0 mr-sm-5 elementor-section-boxed elementor-section-height-default elementor-section-height-default elementor-invisible\" data-id=\"753bfd5\" data-element_type=\"section\" data-settings=\"{&quot;background_background&quot;:&quot;classic&quot;,&quot;animation&quot;:&quot;fadeInRightShorter&quot;,&quot;animation_delay&quot;:400}\">\r\n\t\t\t\t\t\t\t\t<div class=\"elementor-container elementor-column-gap-default\">\r\n\t\t\t\t\r\n\t\t\t\t\t\t\t\t<div class=\" elementor-column elementor-col-100 elementor-inner-column elementor-element elementor-element-1fe9f43 elementor-invisible \" data-id=\"1fe9f43\" data-element_type=\"column\" data-settings=\"{&quot;animation&quot;:&quot;fadeInRightShorter&quot;,&quot;background_background&quot;:&quot;classic&quot;}\">\r\n\r\n\t\t\t\t\r\n\t\t\t\t<div class=\"elementor-widget-wrap elementor-element-populated\">\r\n\t\t\t\t\t\t\t\t\t\t\r\n\t\t\t\t\t\t<div class=\"elementor-element elementor-element-4a5cac0 elementor-widget elementor-widget-udesign_widget_iconbox\" data-id=\"4a5cac0\" data-element_type=\"widget\" data-widget_type=\"udesign_widget_iconbox.default\">\n\t\t\t\t<div class=\"elementor-widget-container\">\n\t\t\t<div class=\"icon-box position-top icon-framed shape-circle\"><div class=\"icon-box-feature\"><i class=\"fas fa-drafting-compass\"><\/i><\/div><div class=\"icon-box-content\"><h3 class=\"icon-box-title\">\u00c9TUDES, PROJETS ET CONSEILS EN CONSTRUCTION<\/h3><p class=\"icon-box-desc\">Notre \u00e9quipe de sp\u00e9cialistes de la construction et de l'am\u00e9nagement int\u00e9rieur dispose de la solution que vous recherchez. La cr\u00e9ativit\u00e9 et la qualit\u00e9 sont \u00e0 la base de nos projets. De l'espace le plus simple au plus complexe, nous voulons la satisfaction de nos clients, qu'il s'agisse d'un travail bien ex\u00e9cut\u00e9 ou d'une innovation en mati\u00e8re de conception. La vaste exp\u00e9rience de notre \u00e9quipe garantit le soutien n\u00e9cessaire dans tous les domaines du secteur, de la consultation globale au petit d\u00e9tail qui peut \u00eatre essentiel au projet.<\/p><\/div><\/div>\t\t<\/div>\n\t\t\t\t<\/div>\n\t\t\t\t\t\t<\/div>\r\n\t\t\t\t<\/div>\r\n\t\t\t\t\t\t\t\t<\/div>\r\n\t\t\t<\/div>\r\n\t\t\t\t\t\t\t<\/div>\r\n\t\t\t\t<\/div>\r\n\t\t\t\t\t\t\t\t<\/div>\r\n\t\t\t<\/div>\r\n\t\t\t\t\t<div class=\" elementor-section elementor-top-section elementor-element elementor-element-a152cfc elementor-section-boxed elementor-section-height-default elementor-section-height-default\" data-id=\"a152cfc\" data-element_type=\"section\">\r\n\t\t\t\t\t\t\t\t<div class=\"elementor-container elementor-column-gap-no\">\r\n\t\t\t\t\r\n\t\t\t\t\t\t\t\t<div class=\" elementor-column elementor-col-100 elementor-top-column elementor-element elementor-element-a4da6eb \" data-id=\"a4da6eb\" data-element_type=\"column\">\r\n\r\n\t\t\t\t\r\n\t\t\t\t<div class=\"elementor-widget-wrap elementor-element-populated\">\r\n\t\t\t\t\t\t\t\t\t\t\r\n\t\t\t\t\t\t<div class=\"elementor-element elementor-element-028a5d6 bg-transparent elementor-widget__width-initial elementor-widget-mobile__width-initial elementor-absolute elementor-invisible elementor-widget elementor-widget-image\" data-id=\"028a5d6\" data-element_type=\"widget\" data-settings=\"{&quot;_position&quot;:&quot;absolute&quot;,&quot;_animation&quot;:&quot;fadeIn&quot;}\" data-widget_type=\"image.default\">\n\t\t\t\t<div class=\"elementor-widget-container\">\n\t\t\t\t\t\t\t\t\t\t\t\t\t\t\t<img decoding=\"async\" width=\"1200\" height=\"1200\" src=\"https:\/\/soresime.pt\/wp-content\/uploads\/2023\/03\/servicos-06.webp\" class=\"attachment-full size-full wp-image-4536\" alt=\"\" srcset=\"https:\/\/soresime.pt\/wp-content\/uploads\/2023\/03\/servicos-06.webp 1200w, https:\/\/soresime.pt\/wp-content\/uploads\/2023\/03\/servicos-06-1024x1024.webp 1024w, https:\/\/soresime.pt\/wp-content\/uploads\/2023\/03\/servicos-06-768x768.webp 768w\" sizes=\"(max-width: 1200px) 100vw, 1200px\" \/>\t\t\t\t\t\t\t\t\t\t\t\t\t\t\t<\/div>\n\t\t\t\t<\/div>\n\t\t\t\t<div class=\" elementor-section elementor-inner-section elementor-element elementor-element-16d55d6 cs-menu ml-md-0 ml-sm-5 mr-md-0 mr-sm-5 elementor-section-boxed elementor-section-height-default elementor-section-height-default elementor-invisible\" data-id=\"16d55d6\" data-element_type=\"section\" data-settings=\"{&quot;background_background&quot;:&quot;classic&quot;,&quot;animation&quot;:&quot;fadeInLeftShorter&quot;,&quot;animation_delay&quot;:400}\">\r\n\t\t\t\t\t\t\t\t<div class=\"elementor-container elementor-column-gap-default\">\r\n\t\t\t\t\r\n\t\t\t\t\t\t\t\t<div class=\" elementor-column elementor-col-100 elementor-inner-column elementor-element elementor-element-fb39b85 elementor-invisible \" data-id=\"fb39b85\" data-element_type=\"column\" data-settings=\"{&quot;animation&quot;:&quot;fadeInRightShorter&quot;,&quot;background_background&quot;:&quot;classic&quot;}\">\r\n\r\n\t\t\t\t\r\n\t\t\t\t<div class=\"elementor-widget-wrap elementor-element-populated\">\r\n\t\t\t\t\t\t\t\t\t\t\r\n\t\t\t\t\t\t<div class=\"elementor-element elementor-element-583f1a7 elementor-widget elementor-widget-udesign_widget_iconbox\" data-id=\"583f1a7\" data-element_type=\"widget\" data-widget_type=\"udesign_widget_iconbox.default\">\n\t\t\t\t<div class=\"elementor-widget-container\">\n\t\t\t<div class=\"icon-box position-top icon-framed shape-circle\"><div class=\"icon-box-feature\"><i class=\"fas fa-headset\"><\/i><\/div><div class=\"icon-box-content\"><h3 class=\"icon-box-title\">ASSISTANCE COMMERCIALE ET TECHNIQUE<\/h3><p class=\"icon-box-desc\">Nous assurons une bonne gestion de l'Assistance Technique et de la Maintenance Pr\u00e9ventive pour une plus grande long\u00e9vit\u00e9 de vos \u00e9quipements. Nous maintenons nos \u00e9quipes \u00e0 jour en permanence, en veillant au respect de toutes les l\u00e9gislations en vigueur. M\u00eame apr\u00e8s l'ach\u00e8vement de votre projet, vous disposerez de tout le soutien n\u00e9cessaire pour le mettre \u00e0 jour, l'entretenir ou le renouveler. Notre \u00e9quipe est pr\u00eate \u00e0 compl\u00e9ter tous vos besoins.<\/p><\/div><\/div>\t\t<\/div>\n\t\t\t\t<\/div>\n\t\t\t\t\t\t<\/div>\r\n\t\t\t\t<\/div>\r\n\t\t\t\t\t\t\t\t<\/div>\r\n\t\t\t<\/div>\r\n\t\t\t\t\t\t\t<\/div>\r\n\t\t\t\t<\/div>\r\n\t\t\t\t\t\t\t\t<\/div>\r\n\t\t\t<\/div>\r\n\t\t\t\t\t<div class=\" elementor-section elementor-top-section elementor-element elementor-element-4d7deef elementor-section-boxed elementor-section-height-default elementor-section-height-default\" data-id=\"4d7deef\" data-element_type=\"section\">\r\n\t\t\t\t\t\t\t\t<div class=\"elementor-container elementor-column-gap-no\">\r\n\t\t\t\t\r\n\t\t\t\t\t\t\t\t<div class=\" elementor-column elementor-col-100 elementor-top-column elementor-element elementor-element-a1a6f34 \" data-id=\"a1a6f34\" data-element_type=\"column\">\r\n\r\n\t\t\t\t\r\n\t\t\t\t<div class=\"elementor-widget-wrap elementor-element-populated\">\r\n\t\t\t\t\t\t\t\t\t\t\r\n\t\t\t\t\t\t<div class=\"elementor-element elementor-element-e3edd21 bg-transparent elementor-widget__width-initial elementor-widget-mobile__width-initial elementor-absolute elementor-invisible elementor-widget elementor-widget-image\" data-id=\"e3edd21\" data-element_type=\"widget\" data-settings=\"{&quot;_position&quot;:&quot;absolute&quot;,&quot;_animation&quot;:&quot;fadeIn&quot;}\" data-widget_type=\"image.default\">\n\t\t\t\t<div class=\"elementor-widget-container\">\n\t\t\t\t\t\t\t\t\t\t\t\t\t\t\t<img decoding=\"async\" width=\"1200\" height=\"1200\" src=\"https:\/\/soresime.pt\/wp-content\/uploads\/2023\/03\/servicos-10.webp\" class=\"attachment-full size-full wp-image-4538\" alt=\"\" srcset=\"https:\/\/soresime.pt\/wp-content\/uploads\/2023\/03\/servicos-10.webp 1200w, https:\/\/soresime.pt\/wp-content\/uploads\/2023\/03\/servicos-10-1024x1024.webp 1024w, https:\/\/soresime.pt\/wp-content\/uploads\/2023\/03\/servicos-10-768x768.webp 768w\" sizes=\"(max-width: 1200px) 100vw, 1200px\" \/>\t\t\t\t\t\t\t\t\t\t\t\t\t\t\t<\/div>\n\t\t\t\t<\/div>\n\t\t\t\t<div class=\" elementor-section elementor-inner-section elementor-element elementor-element-aa17bbd cs-menu ml-md-0 ml-sm-5 mr-md-0 mr-sm-5 elementor-section-boxed elementor-section-height-default elementor-section-height-default elementor-invisible\" data-id=\"aa17bbd\" data-element_type=\"section\" data-settings=\"{&quot;background_background&quot;:&quot;classic&quot;,&quot;animation&quot;:&quot;fadeInRightShorter&quot;,&quot;animation_delay&quot;:400}\">\r\n\t\t\t\t\t\t\t\t<div class=\"elementor-container elementor-column-gap-default\">\r\n\t\t\t\t\r\n\t\t\t\t\t\t\t\t<div class=\" elementor-column elementor-col-100 elementor-inner-column elementor-element elementor-element-4ba2cfe \" data-id=\"4ba2cfe\" data-element_type=\"column\" data-settings=\"{&quot;background_background&quot;:&quot;classic&quot;}\">\r\n\r\n\t\t\t\t\r\n\t\t\t\t<div class=\"elementor-widget-wrap elementor-element-populated\">\r\n\t\t\t\t\t\t\t\t\t\t\r\n\t\t\t\t\t\t<div class=\"elementor-element elementor-element-596b896 elementor-widget elementor-widget-udesign_widget_iconbox\" data-id=\"596b896\" data-element_type=\"widget\" data-widget_type=\"udesign_widget_iconbox.default\">\n\t\t\t\t<div class=\"elementor-widget-container\">\n\t\t\t<div class=\"icon-box position-top icon-framed shape-circle\"><div class=\"icon-box-feature\"><i class=\"fas fa-screwdriver\"><\/i><\/div><div class=\"icon-box-content\"><h3 class=\"icon-box-title\">ASSISTANCE TECHNIQUE ET MAINTENANCE PR\u00c9VENTIVE<\/h3><p class=\"icon-box-desc\">Nous disposons d'une \u00e9quipe hautement sp\u00e9cialis\u00e9e et experte en maintenance corrective et pr\u00e9ventive. Compos\u00e9e de techniciens certifi\u00e9s dans tous les domaines et dot\u00e9e des \u00e9quipements de diagnostic les plus r\u00e9cents, notre \u00e9quipe est en mesure de r\u00e9pondre rapidement aux besoins de nos clients.\nLe service technique et apr\u00e8s-vente est pr\u00eat \u00e0 intervenir chez le client ou, le cas \u00e9ch\u00e9ant, \u00e0 notre si\u00e8ge.\n<\/p><\/div><\/div>\t\t<\/div>\n\t\t\t\t<\/div>\n\t\t\t\t\t\t<\/div>\r\n\t\t\t\t<\/div>\r\n\t\t\t\t\t\t\t\t<\/div>\r\n\t\t\t<\/div>\r\n\t\t\t\t\t\t\t<\/div>\r\n\t\t\t\t<\/div>\r\n\t\t\t\t\t\t\t\t<\/div>\r\n\t\t\t<\/div>\r\n\t\t\t\t\t<section class=\" elementor-section elementor-top-section elementor-element elementor-element-8430850 elementor-section-boxed elementor-section-height-default elementor-section-height-default\" data-id=\"8430850\" data-element_type=\"section\">\r\n\t\t\t\t\t\t\t\t<div class=\"elementor-container elementor-column-gap-default\">\r\n\t\t\t\t\r\n\t\t\t\t\t\t\t\t<div class=\" elementor-column elementor-col-100 elementor-top-column elementor-element elementor-element-fdb6779 \" data-id=\"fdb6779\" data-element_type=\"column\">\r\n\r\n\t\t\t\t\r\n\t\t\t\t<div class=\"elementor-widget-wrap elementor-element-populated\">\r\n\t\t\t\t\t\t\t\t\t\t\r\n\t\t\t\t\t\t<div class=\"elementor-element elementor-element-aaa0b5a elementor-widget elementor-widget-udesign_widget_button\" data-id=\"aaa0b5a\" data-element_type=\"widget\" data-settings=\"{&quot;_animation&quot;:&quot;none&quot;,&quot;_animation_delay&quot;:800}\" data-widget_type=\"udesign_widget_button.default\">\n\t\t\t\t<div class=\"elementor-widget-container\">\n\t\t\t<a class=\"btn btn-outline3 btn-md\" href=\"https:\/\/soresime.pt\/?page_id=5145&amp;lang=fr\" ><span >Contactez Nous<\/span><\/a>\t\t<\/div>\n\t\t\t\t<\/div>\n\t\t\t\t\t\t<\/div>\r\n\t\t\t\t<\/div>\r\n\t\t\t\t\t\t\t\t<\/div>\r\n\t\t\t<\/section>\r\n\t\t\t\t\t\t\t\t<\/div>\n\t\t","protected":false},"excerpt":{"rendered":"<p>\u00c9TUDES, PROJETS ET CONSEILS EN CONSTRUCTION Notre \u00e9quipe de sp\u00e9cialistes de la construction et de l&#8217;am\u00e9nagement int\u00e9rieur dispose de la solution que vous recherchez. La cr\u00e9ativit\u00e9 et la qualit\u00e9 sont \u00e0 la base de nos projets. De l&#8217;espace le plus simple au plus complexe, nous voulons la satisfaction de nos clients, qu&#8217;il s&#8217;agisse d&#8217;un travail [&hellip;]<\/p>\n","protected":false},"author":1,"featured_media":0,"parent":0,"menu_order":0,"comment_status":"closed","ping_status":"closed","template":"","meta":{"om_disable_all_campaigns":false,"inline_featured_image":false,"_mi_skip_tracking":false,"_monsterinsights_sitenote_active":false,"_monsterinsights_sitenote_note":"","_monsterinsights_sitenote_category":0,"footnotes":""},"class_list":["post-5123","page","type-page","status-publish","hentry"],"acf":[],"aioseo_notices":[],"_links":{"self":[{"href":"https:\/\/soresime.pt\/index.php?rest_route=\/wp\/v2\/pages\/5123","targetHints":{"allow":["GET"]}}],"collection":[{"href":"https:\/\/soresime.pt\/index.php?rest_route=\/wp\/v2\/pages"}],"about":[{"href":"https:\/\/soresime.pt\/index.php?rest_route=\/wp\/v2\/types\/page"}],"author":[{"embeddable":true,"href":"https:\/\/soresime.pt\/index.php?rest_route=\/wp\/v2\/users\/1"}],"replies":[{"embeddable":true,"href":"https:\/\/soresime.pt\/index.php?rest_route=%2Fwp%2Fv2%2Fcomments&post=5123"}],"version-history":[{"count":19,"href":"https:\/\/soresime.pt\/index.php?rest_route=\/wp\/v2\/pages\/5123\/revisions"}],"predecessor-version":[{"id":5242,"href":"https:\/\/soresime.pt\/index.php?rest_route=\/wp\/v2\/pages\/5123\/revisions\/5242"}],"wp:attachment":[{"href":"https:\/\/soresime.pt\/index.php?rest_route=%2Fwp%2Fv2%2Fmedia&parent=5123"}],"curies":[{"name":"wp","href":"https:\/\/api.w.org\/{rel}","templated":true}]}}